{"id":2607,"date":"2020-05-28T20:41:43","date_gmt":"2020-05-28T18:41:43","guid":{"rendered":"https:\/\/www.hirt-haus.at\/Startseite\/?page_id=2607"},"modified":"2024-07-18T01:37:27","modified_gmt":"2024-07-17T23:37:27","slug":"ueber-uns","status":"publish","type":"page","link":"https:\/\/www.hirt-haus.at\/Startseite\/","title":{"rendered":"\u00dcber uns"},"content":{"rendered":"\n<p class=\"has-text-align-center has-large-font-size\">Willkommen im HIRT-HAUS Atelier<\/p>\n\n\n\n<p class=\"has-text-align-center\">Wir, das sind der Bildhauer Rudolf Hirt und die Bildhauerin Angelika Hirt-Thomsen gr\u00fcndeten 1984 das Hirt-Haus Atelier in unserem Wohnort Scheifling in der Steiermark, indem wir R\u00e4ume in unserem Haus und Atelier f\u00fcr kulturelle Aktivit\u00e4ten \u00f6ffneten<\/p>\n\n\n\n<p class=\"has-text-align-center\">Unser unabh\u00e4ngiges,lebendiges Haus der Begegnung zwischen Mensch und Kunst entwickelte sich im Laufe der Jahre zu einem hochgesch\u00e4tzen Ort &#8211; sowohl f\u00fcr die Pr\u00e4sentation eigener Werke, als auch f\u00fcr die unz\u00e4hliger K\u00fcnstler und G\u00e4ste von \u00fcberall her <\/p>\n\n\n\n<p class=\"has-text-align-center\">Eine imponierende Liste regionaler und internationaler K\u00fcnstler, ob Maler, Bildhauer, Literaten, Schauspieler, Kabarettisten und Musiker stellten sich hier ein, um sich einem begeisterten Publikum zu pr\u00e4sentieren<\/p>\n\n\n\n<p class=\"has-text-align-center\">Inzwischen ist auch schon die n\u00e4chste Generation mit am Ruder. Mit gro\u00dfem K\u00f6nnen und spannenden Ideen werden somit die M\u00f6glichkeiten unseres Hirt-Haus Ateliers nicht nur  ausgesch\u00f6pft sondern auch aufs Neue belebt <\/p>\n\n\n\n<figure class=\"wp-block-gallery has-nested-images columns-default is-cropped wp-block-gallery-1 is-layout-flex wp-block-gallery-is-layout-flex\">\n<figure class=\"wp-block-image size-large\"><img loading=\"lazy\" decoding=\"async\" width=\"500\" height=\"667\" data-id=\"1436\" src=\"https:\/\/www.hirt-haus.at\/Startseite\/wp-content\/uploads\/2011\/03\/familie-schaunigg-559.jpg\" alt=\"\" class=\"wp-image-1436\" srcset=\"https:\/\/www.hirt-haus.at\/Startseite\/wp-content\/uploads\/2011\/03\/familie-schaunigg-559.jpg 500w, https:\/\/www.hirt-haus.at\/Startseite\/wp-content\/uploads\/2011\/03\/familie-schaunigg-559-224x300.jpg 224w\" sizes=\"auto, (max-width: 500px) 100vw, 500px\" \/><\/figure>\n\n\n\n<figure class=\"wp-block-image size-large\"><img loading=\"lazy\" decoding=\"async\" width=\"765\" height=\"1024\" data-id=\"2897\" src=\"https:\/\/www.hirt-haus.at\/Startseite\/wp-content\/uploads\/2020\/05\/IMG_0017-765x1024.jpg\" alt=\"\" class=\"wp-image-2897\" srcset=\"https:\/\/www.hirt-haus.at\/Startseite\/wp-content\/uploads\/2020\/05\/IMG_0017-765x1024.jpg 765w, https:\/\/www.hirt-haus.at\/Startseite\/wp-content\/uploads\/2020\/05\/IMG_0017-224x300.jpg 224w, https:\/\/www.hirt-haus.at\/Startseite\/wp-content\/uploads\/2020\/05\/IMG_0017-768x1028.jpg 768w, https:\/\/www.hirt-haus.at\/Startseite\/wp-content\/uploads\/2020\/05\/IMG_0017-1147x1536.jpg 1147w, https:\/\/www.hirt-haus.at\/Startseite\/wp-content\/uploads\/2020\/05\/IMG_0017-1530x2048.jpg 1530w, https:\/\/www.hirt-haus.at\/Startseite\/wp-content\/uploads\/2020\/05\/IMG_0017-scaled.jpg 1912w\" sizes=\"auto, (max-width: 765px) 100vw, 765px\" \/><\/figure>\n\n\n\n<figure class=\"wp-block-image size-large\"><img loading=\"lazy\" decoding=\"async\" width=\"1024\" height=\"765\" data-id=\"2484\" src=\"https:\/\/www.hirt-haus.at\/Startseite\/wp-content\/uploads\/2019\/02\/IMG_2691-1024x765.jpg\" alt=\"\" class=\"wp-image-2484\" srcset=\"https:\/\/www.hirt-haus.at\/Startseite\/wp-content\/uploads\/2019\/02\/IMG_2691-1024x765.jpg 1024w, https:\/\/www.hirt-haus.at\/Startseite\/wp-content\/uploads\/2019\/02\/IMG_2691-300x224.jpg 300w, https:\/\/www.hirt-haus.at\/Startseite\/wp-content\/uploads\/2019\/02\/IMG_2691-768x574.jpg 768w, https:\/\/www.hirt-haus.at\/Startseite\/wp-content\/uploads\/2019\/02\/IMG_2691-402x300.jpg 402w\" sizes=\"auto, (max-width: 1024px) 100vw, 1024px\" \/><\/figure>\n\n\n\n<figure class=\"wp-block-image size-large\"><img loading=\"lazy\" decoding=\"async\" width=\"1024\" height=\"765\" data-id=\"2900\" src=\"https:\/\/www.hirt-haus.at\/Startseite\/wp-content\/uploads\/2020\/05\/IMG_2157-1-1024x765.jpg\" alt=\"\" class=\"wp-image-2900\" srcset=\"https:\/\/www.hirt-haus.at\/Startseite\/wp-content\/uploads\/2020\/05\/IMG_2157-1-1024x765.jpg 1024w, https:\/\/www.hirt-haus.at\/Startseite\/wp-content\/uploads\/2020\/05\/IMG_2157-1-300x224.jpg 300w, https:\/\/www.hirt-haus.at\/Startseite\/wp-content\/uploads\/2020\/05\/IMG_2157-1-768x574.jpg 768w, https:\/\/www.hirt-haus.at\/Startseite\/wp-content\/uploads\/2020\/05\/IMG_2157-1-1536x1147.jpg 1536w, https:\/\/www.hirt-haus.at\/Startseite\/wp-content\/uploads\/2020\/05\/IMG_2157-1-2048x1530.jpg 2048w\" sizes=\"auto, (max-width: 1024px) 100vw, 1024px\" \/><\/figure>\n<\/figure>\n\n\n\n<hr class=\"wp-block-separator has-css-opacity is-style-wide\"\/>\n\n\n\n<div class=\"wp-block-group\"><div class=\"wp-block-group__inner-container is-layout-flow wp-block-group-is-layout-flow\">\n<div style=\"height:73px\" aria-hidden=\"true\" class=\"wp-block-spacer\"><\/div>\n<\/div><\/div>\n\n\n\n<div class=\"wp-block-columns is-layout-flex wp-container-core-columns-is-layout-9d6595d7 wp-block-columns-is-layout-flex\">\n<div class=\"wp-block-column is-layout-flow wp-block-column-is-layout-flow\">\n<div style=\"height:143px\" aria-hidden=\"true\" class=\"wp-block-spacer\"><\/div>\n\n\n\n<figure class=\"wp-block-image size-large is-resized\"><img loading=\"lazy\" decoding=\"async\" width=\"682\" height=\"1024\" src=\"https:\/\/www.hirt-haus.at\/Startseite\/wp-content\/uploads\/2020\/05\/Rudi02_fav-682x1024.jpg\" alt=\"\" class=\"wp-image-2861\" style=\"width:335px;height:503px\" srcset=\"https:\/\/www.hirt-haus.at\/Startseite\/wp-content\/uploads\/2020\/05\/Rudi02_fav-682x1024.jpg 682w, https:\/\/www.hirt-haus.at\/Startseite\/wp-content\/uploads\/2020\/05\/Rudi02_fav-200x300.jpg 200w, https:\/\/www.hirt-haus.at\/Startseite\/wp-content\/uploads\/2020\/05\/Rudi02_fav-768x1153.jpg 768w, https:\/\/www.hirt-haus.at\/Startseite\/wp-content\/uploads\/2020\/05\/Rudi02_fav-1023x1536.jpg 1023w, https:\/\/www.hirt-haus.at\/Startseite\/wp-content\/uploads\/2020\/05\/Rudi02_fav-1364x2048.jpg 1364w, https:\/\/www.hirt-haus.at\/Startseite\/wp-content\/uploads\/2020\/05\/Rudi02_fav-scaled.jpg 1705w\" sizes=\"auto, (max-width: 682px) 100vw, 682px\" \/><\/figure>\n<\/div>\n\n\n\n<div class=\"wp-block-column is-layout-flow wp-block-column-is-layout-flow\">\n<p class=\"has-text-align-left has-white-background-color has-background has-large-font-size\">Rudi Hirt<\/p>\n\n\n\n<p class=\"has-text-align-left\">Jahrgang 1947 <\/p>\n\n\n\n<p class=\"has-text-align-left\">Bildhauerlehre, Meisterklasse Bildhauerei und Malerei Ortwein Graz, Studium Akademie f\u00fcr angewandte Kunst Wien, Orient und Okzident &#8211; viele Jahre des Reisens, B\u00fchnenbildner, Designer in Ffm.(D),                    seit 1977 in Scheifling als freischaffender Bildhauer t\u00e4tig, Bildhauerworkshops, Bildhauersymposien national und international, Projektplanung und Umsetzung <\/p>\n\n\n\n<div class=\"wp-block-group\"><div class=\"wp-block-group__inner-container is-layout-flow wp-block-group-is-layout-flow\">\n<p class=\"has-text-align-left\">Materialien:&nbsp; Stein,&nbsp; Holz,&nbsp; Metall<\/p>\n\n\n\n<p class=\"has-text-align-left\">K\u00fcnstlerisches Credo: Habe mich einer Formensprache zugewandt, die&nbsp; Sch\u00f6nheit und Freude gleicherma\u00dfen beinhaltet.<\/p>\n<\/div><\/div>\n\n\n\n<p><\/p>\n<\/div>\n<\/div>\n\n\n\n<hr class=\"wp-block-separator has-css-opacity is-style-wide\"\/>\n\n\n\n<div style=\"height:100px\" aria-hidden=\"true\" class=\"wp-block-spacer\"><\/div>\n\n\n\n<div class=\"wp-block-columns is-layout-flex wp-container-core-columns-is-layout-9d6595d7 wp-block-columns-is-layout-flex\">\n<div class=\"wp-block-column is-layout-flow wp-block-column-is-layout-flow\">\n<div style=\"height:100px\" aria-hidden=\"true\" class=\"wp-block-spacer\"><\/div>\n\n\n\n<figure class=\"wp-block-image size-large is-resized\"><img loading=\"lazy\" decoding=\"async\" width=\"682\" height=\"1024\" src=\"https:\/\/www.hirt-haus.at\/Startseite\/wp-content\/uploads\/2020\/05\/Gela01-1-682x1024.jpg\" alt=\"\" class=\"wp-image-2862\" style=\"width:337px;height:506px\" srcset=\"https:\/\/www.hirt-haus.at\/Startseite\/wp-content\/uploads\/2020\/05\/Gela01-1-682x1024.jpg 682w, https:\/\/www.hirt-haus.at\/Startseite\/wp-content\/uploads\/2020\/05\/Gela01-1-200x300.jpg 200w, https:\/\/www.hirt-haus.at\/Startseite\/wp-content\/uploads\/2020\/05\/Gela01-1-768x1153.jpg 768w, https:\/\/www.hirt-haus.at\/Startseite\/wp-content\/uploads\/2020\/05\/Gela01-1-1023x1536.jpg 1023w, https:\/\/www.hirt-haus.at\/Startseite\/wp-content\/uploads\/2020\/05\/Gela01-1-1364x2048.jpg 1364w, https:\/\/www.hirt-haus.at\/Startseite\/wp-content\/uploads\/2020\/05\/Gela01-1-scaled.jpg 1705w\" sizes=\"auto, (max-width: 682px) 100vw, 682px\" \/><\/figure>\n<\/div>\n\n\n\n<div class=\"wp-block-column is-layout-flow wp-block-column-is-layout-flow\">\n<p class=\"has-large-font-size\">Angelika Hirt-Thomsen<\/p>\n\n\n\n<p>Jahrgang 1955<\/p>\n\n\n\n<p>Bildhauerstudium \/\u00a0 Flensburg (D)\u00a0 Werkkunstschule 1973-1977, in div. Bildhauerwerkst\u00e4tten D \/ DK t\u00e4tig, danach freischaffend, seit 1980 Lebens- und Arbeitsmittelpunkt in Scheifling \/ Steiermark (A), Kuratorin, Leitung von Bildhauer Workshops Umsetzung eigener k\u00fcnstlerischer Projekte Installationen in Ton, Stein, Holz, Bronze und diversen anderen Materialien<\/p>\n\n\n\n<p>In meinen Arbeiten geht es mir prim\u00e4r um das Spiel mit der Verschiebung von Bedeutungsebenen gebr\u00e4uchlicher Begriffe und Dinge und die Darstellung derer  &lt; anderer &gt;&nbsp; Inhalte und&nbsp; um Doppeldeutigkeiten, die ein auch  &lt; durchaus  humorvoll &gt;&nbsp; tiefgr\u00fcndiges Spannungsfeld aufbauen.<\/p>\n<\/div>\n<\/div>\n\n\n\n<hr class=\"wp-block-separator has-css-opacity is-style-wide\"\/>\n\n\n\n<div style=\"height:100px\" aria-hidden=\"true\" class=\"wp-block-spacer\"><\/div>\n\n\n\n<div class=\"wp-block-columns is-layout-flex wp-container-core-columns-is-layout-9d6595d7 wp-block-columns-is-layout-flex\">\n<div class=\"wp-block-column is-layout-flow wp-block-column-is-layout-flow\">\n<div style=\"height:103px\" aria-hidden=\"true\" class=\"wp-block-spacer\"><\/div>\n\n\n\n<figure class=\"wp-block-image size-large is-resized\"><img loading=\"lazy\" decoding=\"async\" width=\"768\" height=\"1024\" src=\"https:\/\/www.hirt-haus.at\/Startseite\/wp-content\/uploads\/2020\/05\/Maren_profil_pic-768x1024.jpg\" alt=\"\" class=\"wp-image-2666\" style=\"width:363px;height:484px\" srcset=\"https:\/\/www.hirt-haus.at\/Startseite\/wp-content\/uploads\/2020\/05\/Maren_profil_pic-768x1024.jpg 768w, https:\/\/www.hirt-haus.at\/Startseite\/wp-content\/uploads\/2020\/05\/Maren_profil_pic-225x300.jpg 225w, https:\/\/www.hirt-haus.at\/Startseite\/wp-content\/uploads\/2020\/05\/Maren_profil_pic-1152x1536.jpg 1152w, https:\/\/www.hirt-haus.at\/Startseite\/wp-content\/uploads\/2020\/05\/Maren_profil_pic.jpg 1296w\" sizes=\"auto, (max-width: 768px) 100vw, 768px\" \/><\/figure>\n<\/div>\n\n\n\n<div class=\"wp-block-column is-layout-flow wp-block-column-is-layout-flow\">\n<p class=\"has-large-font-size\">Maren Hirt Mag.art<\/p>\n\n\n\n<p><\/p>\n\n\n\n<p>Jahrgang 1984<\/p>\n\n\n\n<p>1999 \u2013 2003  HTBLA Hallstatt \/ Fachschule f\u00fcr Bildhauerei, 2003 \u2013 2005 Ortweinschule Graz \/ Meisterklasse f\u00fcr keramische Formgebung,<\/p>\n\n\n\n<p> 2007 -2013 Studium an der Kunstuniversit\u00e4t Linz Bildhauerei \/ Transmedialer Raum, seit 2017 selbst\u00e4ndige Bildende K\u00fcnstlerIn<\/p>\n\n\n\n<p>Entwickeln und Erschaffen von eigenen k\u00fcnstlerischen Arbeiten, k\u00fcnstlerische Auftragsarbeiten, kuratorische T\u00e4tigkeiten, Workshops, Projektarbeit an Schulen<\/p>\n<\/div>\n<\/div>\n\n\n\n<hr class=\"wp-block-separator has-css-opacity is-style-wide\"\/>\n","protected":false},"excerpt":{"rendered":"<p>Willkommen im HIRT-HAUS Atelier Wir, das sind der Bildhauer Rudolf Hirt und die Bildhauerin Angelika Hirt-Thomsen gr\u00fcndeten 1984 das Hirt-Haus Atelier in unserem Wohnort Scheifling [&#8230;]<\/p>\n","protected":false},"author":1,"featured_media":0,"parent":0,"menu_order":0,"comment_status":"closed","ping_status":"closed","template":"","meta":{"ngg_post_thumbnail":0,"footnotes":""},"class_list":["post-2607","page","type-page","status-publish","hentry"],"_links":{"self":[{"href":"https:\/\/www.hirt-haus.at\/Startseite\/wp-json\/wp\/v2\/pages\/2607","targetHints":{"allow":["GET"]}}],"collection":[{"href":"https:\/\/www.hirt-haus.at\/Startseite\/wp-json\/wp\/v2\/pages"}],"about":[{"href":"https:\/\/www.hirt-haus.at\/Startseite\/wp-json\/wp\/v2\/types\/page"}],"author":[{"embeddable":true,"href":"https:\/\/www.hirt-haus.at\/Startseite\/wp-json\/wp\/v2\/users\/1"}],"replies":[{"embeddable":true,"href":"https:\/\/www.hirt-haus.at\/Startseite\/wp-json\/wp\/v2\/comments?post=2607"}],"version-history":[{"count":62,"href":"https:\/\/www.hirt-haus.at\/Startseite\/wp-json\/wp\/v2\/pages\/2607\/revisions"}],"predecessor-version":[{"id":3220,"href":"https:\/\/www.hirt-haus.at\/Startseite\/wp-json\/wp\/v2\/pages\/2607\/revisions\/3220"}],"wp:attachment":[{"href":"https:\/\/www.hirt-haus.at\/Startseite\/wp-json\/wp\/v2\/media?parent=2607"}],"curies":[{"name":"wp","href":"https:\/\/api.w.org\/{rel}","templated":true}]}}