{"id":2391,"date":"2018-05-12T18:41:13","date_gmt":"2018-05-12T16:41:13","guid":{"rendered":"http:\/\/www.hirt-haus.at\/Startseite\/?page_id=2391"},"modified":"2018-05-24T19:56:51","modified_gmt":"2018-05-24T17:56:51","slug":"datenschutz","status":"publish","type":"page","link":"https:\/\/www.hirt-haus.at\/Startseite\/datenschutz\/","title":{"rendered":"Datenschutzerkl\u00e4rung"},"content":{"rendered":"<h1>Geltungsbereich<\/h1>\n<p>Die Nutzung unserer Seite ist ohne eine Angabe von personenbezogenen Daten m\u00f6glich. F\u00fcr die Nutzung einzelner Services unserer Seite k\u00f6nnen sich hierf\u00fcr abweichende Regelungen ergeben, die in diesem Falle nachstehend gesondert erl\u00e4utert werden. Ihre personenbezogenen Daten (z.B. Name, Anschrift, E-Mail, Telefonnummer, u.\u00e4.) werden von uns nur gem\u00e4\u00df den Bestimmungen des \u00f6sterreichischen Datenschutzrechts verarbeitet. Daten sind dann personenbezogen, wenn sie eindeutig einer bestimmten nat\u00fcrlichen Person zugeordnet werden k\u00f6nnen. Die rechtlichen Grundlagen des Datenschutzes finden Sie im Bundesdatenschutzgesetz (BDSG) und dem Telemediengesetz (TMG). Nachstehende Regelungen informieren Sie insoweit \u00fcber die Art, den Umfang und Zweck der Erhebung, die Nutzung und die Verarbeitung von personenbezogenen Daten durch den Anbieter<\/p>\n<ul>\n<li>Inhaber: Rudolf Hirt, Angelika Hirt-Thomsen<\/li>\n<li>Stra\u00dfe: Dr. Schallinggasse 1<\/li>\n<li>Ort: 8811 Scheifling<\/li>\n<li>Telefon: +43 3582 2677<\/li>\n<li>E-Mail: atelier@hirt-haus.at<\/li>\n<\/ul>\n<p>Wir weisen darauf hin, dass die internetbasierte Daten\u00fcbertragung Sicherheitsl\u00fccken aufweist, ein l\u00fcckenloser Schutz vor Zugriffen durch Dritte ist somit unm\u00f6glich.<\/p>\n<h2>Cookies<\/h2>\n<p>Wir verwenden auf unserer Seite sog. Cookies zum Wiedererkennen mehrfacher Nutzung unseres Angebots, durch denselben Nutzer\/Internetanschlussinhaber. Cookies sind kleine Textdateien, die Ihr Internet-Browser auf Ihrem Rechner ablegt und speichert. Sie dienen dazu, unseren Internetauftritt und unsere Angebote zu optimieren. Es handelt sich dabei zumeist um sog. \u201eSession-Cookies\u201c, die nach dem Ende Ihres Besuches wieder gel\u00f6scht werden.<br \/>\nTeilweise geben diese Cookies jedoch Informationen ab, um Sie automatisch wieder zu erkennen. Diese Wiedererkennung erfolgt aufgrund der in den Cookies gespeicherten IP-Adresse. Die so erlangten Informationen dienen dazu, unsere Angebote zu optimieren und Ihnen einen leichteren Zugang auf unsere Seite zu erm\u00f6glichen.<br \/>\nSie k\u00f6nnen die Installation der Cookies durch eine entsprechende Einstellung Ihres Browsers verhindern; wir weisen Sie jedoch darauf hin, dass Sie in diesem Fall gegebenenfalls nicht s\u00e4mtliche Funktionen unserer Website vollumf\u00e4nglich nutzen k\u00f6nnen.<\/p>\n<h2>Zugriffsdaten<\/h2>\n<p>Der Websitebetreiber bzw. Seitenprovider erhebt Daten \u00fcber Zugriffe auf die Seite und speichert diese als \u201eServer-Logfiles\u201c ab. Folgende Daten werden so protokolliert:<\/p>\n<ul>\n<li>Besuchte Website<\/li>\n<li>Uhrzeit zum Zeitpunkt des Zugriffes<\/li>\n<li>Menge der gesendeten Daten in Byte<\/li>\n<li>Quelle\/Verweis, von welchem Sie auf die Seite gelangten<\/li>\n<li>Verwendeter Browser<\/li>\n<li>Verwendetes Betriebssystem<\/li>\n<li>Verwendete IP-Adresse<\/li>\n<\/ul>\n<p>Die erhobenen Daten dienen lediglich statistischen Auswertungen und zur Verbesserung der Website. Der Websitebetreiber beh\u00e4lt sich allerdings vor, die Server-Logfiles nachtr\u00e4glich zu \u00fcberpr\u00fcfen, sollten konkrete Anhaltspunkte auf eine rechtswidrige Nutzung hinweisen.<\/p>\n<h2>Kontaktm\u00f6glichkeit<\/h2>\n<p>Wir bieten Ihnen auf unserer Seite die M\u00f6glichkeit, mit uns per E-Mail und\/oder Telefon in Verbindung zu treten. In diesem Fall werden die vom Nutzer gemachten Angaben zum Zwecke der Bearbeitung seiner Kontaktaufnahme gespeichert. Eine Weitergabe an Dritte erfolgt nicht. Ein Abgleich der so erhobenen Daten mit Daten, die m\u00f6glicherweise durch andere Komponenten unserer Seite erhoben werden, erfolgt ebenfalls nicht.<\/p>\n<h2>Einsatz von Google-Maps<\/h2>\n<p>Wir setzen auf unserer Seite die Komponente \u201eGoogle Maps\u201c der Firma Google Inc., 1600 Amphitheatre Parkway, Mountain View, CA 94043 USA, nachfolgend \u201eGoogle\u201c, ein.<\/p>\n<p>Bei jedem einzelnen Aufruf der Komponente \u201eGoogle Maps\u201c wird von Google ein Cookie gesetzt, um bei der Anzeige der Seite, auf der die Komponente \u201eGoogle Maps\u201c integriert ist, Nutzereinstellungen und -daten zu verarbeiten. Dieses Cookie wird im Regelfall nicht durch das Schlie\u00dfen des Browsers gel\u00f6scht, sondern l\u00e4uft nach einer bestimmten Zeit ab, soweit es nicht von Ihnen zuvor manuell gel\u00f6scht wird.<\/p>\n<p>Wenn Sie mit dieser Verarbeitung Ihrer Daten nicht einverstanden sind, so besteht die M\u00f6glichkeit, den Service von \u201eGoogle Maps\u201c zu deaktivieren und auf diesem Weg die \u00dcbertragung von Daten an Google zu verhindern. Dazu m\u00fcssen Sie die Java-Script-Funktion in Ihrem Browser deaktivieren. Wir weisen Sie jedoch darauf hin, dass Sie in diesem Fall die \u201eGoogle Maps\u201c nicht oder nur eingeschr\u00e4nkt nutzen k\u00f6nnen.<\/p>\n<p>Die Nutzung von \u201eGoogle Maps\u201c und der \u00fcber \u201eGoogle Maps\u201c erlangten Informationen erfolgt gem\u00e4\u00df den Google-Nutzungsbedingungen<\/p>\n<p><a href=\"http:\/\/www.google.de\/intl\/de\/policies\/terms\/regional.html\" target=\"_blank\" rel=\"noopener\">http:\/\/www.google.de\/intl\/de\/policies\/terms\/regional.html<\/a><\/p>\n<p>sowie der zus\u00e4tzlichen Gesch\u00e4ftsbedingungen f\u00fcr \u201eGoogle Maps\u201c<\/p>\n<p><a href=\"https:\/\/www.google.com\/intl\/de_de\/help\/terms_maps.html\" target=\"_blank\" rel=\"noopener\">https:\/\/www.google.com\/intl\/de_de\/help\/terms_maps.html<\/a>.<\/p>\n<h2>Umgang mit Kommentaren und Beitr\u00e4gen<\/h2>\n<p>Hinterlassen Sie auf dieser Website einen Beitrag oder Kommentar, wird Ihre IP-Adresse gespeichert. Dies dient der Sicherheit des Websitebetreibers: Verst\u00f6\u00dft Ihr Text gegen das Recht, m\u00f6chte er Ihre Identit\u00e4t nachverfolgen k\u00f6nnen.<\/p>\n<h2>Rechte des Nutzers: Auskunft, Berichtigung und L\u00f6schung<\/h2>\n<p>Sie als Nutzer erhalten auf Antrag Ihrerseits kostenlose Auskunft dar\u00fcber, welche personenbezogenen Daten \u00fcber Sie gespeichert wurden. Sofern Ihr Wunsch nicht mit einer gesetzlichen Pflicht zur Aufbewahrung von Daten (z. B. Vorratsdatenspeicherung) kollidiert, haben Sie ein Anrecht auf Berichtigung falscher Daten und auf die Sperrung oder L\u00f6schung Ihrer personenbezogenen Daten.<\/p>\n","protected":false},"excerpt":{"rendered":"<p>Geltungsbereich Die Nutzung unserer Seite ist ohne eine Angabe von personenbezogenen Daten m\u00f6glich. F\u00fcr die Nutzung einzelner Services unserer Seite k\u00f6nnen sich hierf\u00fcr abweichende Regelungen [&#8230;]<\/p>\n","protected":false},"author":1,"featured_media":0,"parent":0,"menu_order":0,"comment_status":"closed","ping_status":"closed","template":"","meta":{"ngg_post_thumbnail":0,"footnotes":""},"class_list":["post-2391","page","type-page","status-publish","hentry"],"_links":{"self":[{"href":"https:\/\/www.hirt-haus.at\/Startseite\/wp-json\/wp\/v2\/pages\/2391","targetHints":{"allow":["GET"]}}],"collection":[{"href":"https:\/\/www.hirt-haus.at\/Startseite\/wp-json\/wp\/v2\/pages"}],"about":[{"href":"https:\/\/www.hirt-haus.at\/Startseite\/wp-json\/wp\/v2\/types\/page"}],"author":[{"embeddable":true,"href":"https:\/\/www.hirt-haus.at\/Startseite\/wp-json\/wp\/v2\/users\/1"}],"replies":[{"embeddable":true,"href":"https:\/\/www.hirt-haus.at\/Startseite\/wp-json\/wp\/v2\/comments?post=2391"}],"version-history":[{"count":13,"href":"https:\/\/www.hirt-haus.at\/Startseite\/wp-json\/wp\/v2\/pages\/2391\/revisions"}],"predecessor-version":[{"id":2422,"href":"https:\/\/www.hirt-haus.at\/Startseite\/wp-json\/wp\/v2\/pages\/2391\/revisions\/2422"}],"wp:attachment":[{"href":"https:\/\/www.hirt-haus.at\/Startseite\/wp-json\/wp\/v2\/media?parent=2391"}],"curies":[{"name":"wp","href":"https:\/\/api.w.org\/{rel}","templated":true}]}}